{"id":316,"date":"2020-03-05T15:27:49","date_gmt":"2020-03-05T14:27:49","guid":{"rendered":"https:\/\/www.bo.cnr.it\/wp_congressi\/?page_id=316"},"modified":"2025-04-09T11:43:47","modified_gmt":"2025-04-09T09:43:47","slug":"sala-plenaria","status":"publish","type":"page","link":"https:\/\/www.bo.cnr.it\/congressi\/index.php\/sala-plenaria\/","title":{"rendered":"Sala plenaria"},"content":{"rendered":"<table>\n<tbody>\n<tr>\n<td><a href=\"https:\/\/www.bo.cnr.it\/wp_congressi\/wp-content\/uploads\/2020\/03\/P1010860-scaled.jpg\"><img loading=\"lazy\" decoding=\"async\" class=\"alignright wp-image-180\" src=\"https:\/\/www.bo.cnr.it\/wp_congressi\/wp-content\/uploads\/2020\/03\/P1010860-1024x768.jpg\" alt=\"\" width=\"669\" height=\"502\" srcset=\"https:\/\/www.bo.cnr.it\/wp_congressi\/wp-content\/uploads\/2020\/03\/P1010860-1024x768.jpg 1024w, https:\/\/www.bo.cnr.it\/wp_congressi\/wp-content\/uploads\/2020\/03\/P1010860-300x225.jpg 300w, https:\/\/www.bo.cnr.it\/wp_congressi\/wp-content\/uploads\/2020\/03\/P1010860-768x576.jpg 768w, https:\/\/www.bo.cnr.it\/wp_congressi\/wp-content\/uploads\/2020\/03\/P1010860-1536x1152.jpg 1536w, https:\/\/www.bo.cnr.it\/wp_congressi\/wp-content\/uploads\/2020\/03\/P1010860-2048x1536.jpg 2048w\" sizes=\"auto, (max-width: 669px) 100vw, 669px\" \/> <\/a>L&#8217;utilizzo di questa sala \u00e8 subordinato alla presenza di tecnici audio-video accreditati.<br \/>\n<a href=\"https:\/\/www.bo.cnr.it\/congressi\/index.php\/plenary-room\/\"><em>Click here for English version<\/em><\/a><\/p>\n<p>Per informazioni e prenotazioni:<br \/>\n<em>Dr.ssa Barbara Gualandi Tel. 0516398483<br \/>\nEmail: barbara.gualandi@area.bo.cnr.it<br \/>\n<\/em><br \/>\nResponsabile dotazioni audiovisive:<br \/>\n<em>Simona Tubertini Tel. 0516398488<br \/>\nEmail: simona.tubertini@area.bo.cnr.it<\/p>\n<p><\/em>Mappe piano terra: sala Plenaria e atrio<\/p>\n<ol>\n<li><a href=\"https:\/\/www.bo.cnr.it\/wp_congressi\/wp-content\/uploads\/2024\/07\/2024-spazi-centro-congressi-piano-terra-con-scala.pdf\" target=\"_blank\" rel=\"noopener\">Spazi utilizzabili 1:200<\/a><\/li>\n<li><a href=\"https:\/\/www.bo.cnr.it\/wp_congressi\/wp-content\/uploads\/2024\/07\/2024-impiantistica-centro-congressi-piano-terra-con-scala.pdf\" target=\"_blank\" rel=\"noopener\">Impiantistica 1:200<\/a><\/li>\n<li><a href=\"https:\/\/www.bo.cnr.it\/wp_congressi\/wp-content\/uploads\/2024\/07\/2024-emergenza-centro-congressi-piano-terra-con-scala.pdf\" target=\"_blank\" rel=\"noopener\">Dotazioni emergenza 1:200<\/a><\/li>\n<\/ol>\n<\/td>\n<\/tr>\n<\/tbody>\n<\/table>\n<table>\n<tbody>\n<tr>\n<td><strong>Dotazioni video e ingressi:<\/strong><\/p>\n<ul style=\"text-align: justify;\">\n<li>Videoproiettore DLP doppio laser PANASONIC RZ 970, 10000 ANSI lumen, risoluzione 1080p (FULL HD nativo)<\/li>\n<li>Decoder DTT DVBT2 TELESYSTEM ris. 1080p<\/li>\n<li>Lettore DVD BLU-RAY SONY multistandard ris. 1080p<\/li>\n<li>Telecamera centrale fissa PANASONIC AW-HE40S con zoom ottico 30x, con ripresa del palco ris. 1080i e relativo controller PTZ in regia<\/li>\n<li>Due telecamere fisse laterali PANASONIC AW-HE40S con zoom ottico 30x, con ripresa della platea ris. 1080i e relativo controller PTZ in regia<\/li>\n<li>Scaler di controllo video KRAMER VP-733<\/li>\n<li>Ingressi con 2 prese HDMI e 1 presa VGA (con cavi in dotazione) per connessione laptop, sul tavolo oratori<\/li>\n<li>Ingresso PC fisso posizionato in rack sotto il tavolo oratori, con le seguenti caratteristiche tecniche:\n<ul style=\"list-style-type: circle; text-align: justify;\">\n<li>ingresso USB 3 per download dati da chiavette portatili<\/li>\n<li>monitor 27\u201d Full HD con tastiera e mouse wired<\/li>\n<li>collegamento alla rete e accesso a Internet in modalita\u2019 protetta a 1Gb\/s<\/li>\n<li>controllo remoto dalla regia, per agevolare gli utilizzatori in caso di difficolta\u2019<\/li>\n<li>sistema operativo Windows e principali applicativi di Office Automation preinstallati<\/li>\n<\/ul>\n<\/li>\n<li>Ingresso PC fisso posizionato in sala regia per esigenze di invio contributi dalla regia e per la connettivit\u00e0 da remoto dei tecnici a 1Gb\/s<\/li>\n<li>Schermo avvolgibile 7x4m con controllo remoto in regia e dal palco<\/li>\n<li>Quattro monitor di controllo sul tavolo oratori ris. 1080p (visualizzano le immagini proiettate sullo schermo)<\/li>\n<\/ul>\n<hr \/>\n<p><strong>Servizi aggiuntivi<\/strong><\/p>\n<ul style=\"text-align: justify;\">\n<li>Possibilit\u00e0 di duplicazione audio\/video nelle sale 215 e 216 (sale da 85 posti al primo piano)<\/li>\n<li>Display LCD ris. 1080p nell\u2019atrio d\u2019ingresso, con annesso pc controllabile in remoto dalla regia (visualizza, a scelta, le immagini proiettate sullo schermo della sala Plenaria e ne riproduce l\u2019audio, oppure puo\u2019 visualizzare presentazioni, filmati e altro)<\/li>\n<li>Videowall nell\u2019atrio d\u2019ingresso, con annesso pc controllabile in remoto, per visualizzare contenuti a scelta degli utilizzatori<\/li>\n<li>Puntatore laser con funzioni di avanzamento slides<\/li>\n<li>Possibilit\u00e0 di inviare via streaming i contenuti audio e video attraverso un pc dedicato con software di controllo\/editing<\/li>\n<li>Possibilit\u00e0 di utilizzo su pc dedicato in regia dei programmi di videoconferenza pi\u00f9 noti (Teams, Google Meet, Zoom, Webex etc.) e possibilit\u00e0 di scelta del segnale da inviare al dispositivo remoto (una delle telecamere o il segnale inviato nella sala)<\/li>\n<li>Possibilit\u00e0 di registrazione audio\/video su HDD\u00a0o tramite uscite ausiliarie a disposizione per apparati del cliente<\/li>\n<\/ul>\n<\/td>\n<td><strong>Dotazioni audio e ingressi:<\/strong><\/p>\n<ul style=\"text-align: justify;\">\n<li>Mixer analogico Tascam M-1016<\/li>\n<li>Microfoni da tavolo e\u00a0 sul podio,\u00a0 in serie, tipo conference system, marca SENNHEISER<\/li>\n<li>Un radiomicrofono Lavalier\/archetto marca SENNHEISER<\/li>\n<li>Due radiomicrofoni a cono marca SENNHEISER<\/li>\n<li>Una presa stereo (con cavi in dotazione) per connessione laptop, sul tavolo oratori abbinata all\u2019ingresso video VGA<\/li>\n<li>Ingresso audio PC tavolo oratori con lettore DVD<\/li>\n<li>Ingresso audio PC regia con lettore DVD<\/li>\n<li>Ingresso audio Blu-RAY<\/li>\n<li>Amplificazione audio stereo\u00a0 tramite due paia di casse two-way RCF laterali con amplificatore RCF AS4001 2x400w<\/li>\n<li>Amplificazione audio mono tramite un paio di casse two-way APART centrali con amplificatore APART PA240P 240w<\/li>\n<li>Amplificazione audio surround tramite due casse two-way\u00a0 RCF posteriori con amplificatore ONKIO ES-600PRO 2x50w<\/li>\n<li>Amplificazione audio del parlato verso il palco tramite due casse two-way\u00a0 amplificate KRAMER DOLEV5 2x50w<\/li>\n<li>Telefono intercomunicante palco\/regia e per chiamate in ingresso e in uscita su rete Telecom<\/li>\n<\/ul>\n<hr \/>\n<p><strong>Altre dotazioni:<\/strong><\/p>\n<ul style=\"text-align: justify;\">\n<li>Traduzione simultanea: cabina con cavo predisposto per trasmissione in sala (apparecchiature di trasmissione e traduzione non in dotazione)<\/li>\n<li>Salette di corredo situate nella parte retrostante il palco, attrezzate con collegamenti di rete e arredate per piccole riunioni, utilizzabili come centro slides, ufficio stampa, preparazione presentazioni etc.<\/li>\n<li>Luci: la sala e\u2019 dotata di un sistema che permette di controllare il livello delle luci mediante 8 preselezioni. Sono presenti comandi a filo in sala e nelle cabine regia e proiezione, pi\u00f9 un telecomando a infrarossi nella sala. Traliccio predisposto per eventuale aggiunta fari tipo teatro (3 lato destro \u2013 3 lato sinistro sala)<\/li>\n<li>Emergenze: registratore digitale attivabile dalla portineria per invio segnalazione di evacuazione sala in caso di emergenza<\/li>\n<\/ul>\n<hr \/>\n<p><strong>Rete informatica:<\/strong><\/p>\n<ul style=\"text-align: justify;\">\n<li>Prese per connessione alla rete cablata 1Gb\/s sul tavolo oratori<\/li>\n<li>Accesso alla rete WIFI in modalit\u00e0 protetta tramite quattro access point UBIQUITY in sala, con credenziali da richiedere, oppure con credenziali EDUROAM<\/li>\n<\/ul>\n<\/td>\n<\/tr>\n<\/tbody>\n<\/table>\n","protected":false},"excerpt":{"rendered":"<p>L&#8217;utilizzo di questa sala \u00e8 subordinato alla presenza di tecnici audio-video accreditati. Click here for English version Per informazioni e [&hellip;]<\/p>\n","protected":false},"author":1,"featured_media":0,"parent":0,"menu_order":0,"comment_status":"closed","ping_status":"closed","template":"page-templates\/full-width.php","meta":{"footnotes":""},"class_list":["post-316","page","type-page","status-publish","hentry"],"_links":{"self":[{"href":"https:\/\/www.bo.cnr.it\/congressi\/index.php\/wp-json\/wp\/v2\/pages\/316","targetHints":{"allow":["GET"]}}],"collection":[{"href":"https:\/\/www.bo.cnr.it\/congressi\/index.php\/wp-json\/wp\/v2\/pages"}],"about":[{"href":"https:\/\/www.bo.cnr.it\/congressi\/index.php\/wp-json\/wp\/v2\/types\/page"}],"author":[{"embeddable":true,"href":"https:\/\/www.bo.cnr.it\/congressi\/index.php\/wp-json\/wp\/v2\/users\/1"}],"replies":[{"embeddable":true,"href":"https:\/\/www.bo.cnr.it\/congressi\/index.php\/wp-json\/wp\/v2\/comments?post=316"}],"version-history":[{"count":102,"href":"https:\/\/www.bo.cnr.it\/congressi\/index.php\/wp-json\/wp\/v2\/pages\/316\/revisions"}],"predecessor-version":[{"id":1467,"href":"https:\/\/www.bo.cnr.it\/congressi\/index.php\/wp-json\/wp\/v2\/pages\/316\/revisions\/1467"}],"wp:attachment":[{"href":"https:\/\/www.bo.cnr.it\/congressi\/index.php\/wp-json\/wp\/v2\/media?parent=316"}],"curies":[{"name":"wp","href":"https:\/\/api.w.org\/{rel}","templated":true}]}}